{"id":2,"date":"2026-01-13T18:46:02","date_gmt":"2026-01-13T17:46:02","guid":{"rendered":"https:\/\/pszs.stronazen.pl\/?page_id=2"},"modified":"2026-01-23T06:39:03","modified_gmt":"2026-01-23T05:39:03","slug":"komunikaty","status":"publish","type":"page","link":"https:\/\/pszs.stronazen.pl\/index.php\/komunikaty\/","title":{"rendered":"Komunikaty"},"content":{"rendered":"\n<h1 class=\"wp-block-heading has-text-align-center\">Komunikaty<\/h1>\n\n\n\n<hr class=\"wp-block-separator has-alpha-channel-opacity is-style-wide\"\/>\n\n\n\n<p>Z ogromn\u0105 rado\u015bci\u0105 informujemy, \u017ce nasz klub Powiatowy Szkolny Zwi\u0105zek Sportowy w \u017bywcu otrzyma\u0142 dofinansowanie z Rz\u0105dowego Programu &#8222;KLUB&#8221; &#8211; edycja 2025! To fantastyczna wiadomo\u015b\u0107, kt\u00f3ra pozwoli nam jeszcze lepiej rozwija\u0107 sportowe pasje naszych zawodnik\u00f3w!<br>Dzi\u0119ki pozyskanym \u015brodkom zrealizujemy zadanie pn. \u201e Szkolenie sportowe dzieci i m\u0142odzie\u017cy w ramach Programu Klub 2025\u201d.<\/p>\n\n\n\n<p>Szczeg\u00f3\u0142y dofinansowania:<br>\ud83d\udd39 NAZWA PROGRAMU: Rz\u0105dowy Program &#8222;KLUB&#8221; &#8211; edycja 2025<br>\ud83d\udd39 DOFINANSOWANIE: 12 000,00 z\u0142<br>\ud83d\udd39 CA\u0141KOWITA WARTO\u015a\u0106 ZADANIA: 12 650,00 z\u0142<br>\ud83d\udd39 DATA PODPISANIA UMOWY: 28.03.2025.<br>\ud83d\udd39 OPIS ZADANIA: Organizacja zaj\u0119\u0107 sportowych z koszyk\u00f3wki dla dzieci i m\u0142odzie\u017cy powiatu \u017cywieckiego w ramach \u017bywieckiej Akademii Koszyk\u00f3wki<\/p>\n\n\n\n<p>Przy okazji chcieliby\u015bmy podzi\u0119kowa\u0107 za profesjonalne wsparcie w przygotowaniu wniosku, kt\u00f3re okaza\u0142o si\u0119 kluczowe dla pozyskania dotacji dla naszego klubu. Wniosek o dofinansowanie z programu KLUB przygotowali Piotr B\u0105k (@piotrbakzina) oraz Grzegorz \u0141akomicki (@grzegorzlakomicki) z &#8222;ProgramyDlaKlubow.pl&#8221; \u2013 dzi\u0119kujemy za Wasze zaanga\u017cowanie!<br>Dzi\u0119ki temu wsparciu mo\u017cemy dalej realizowa\u0107 nasz\u0105 misj\u0119 i inwestowa\u0107 w rozw\u00f3j sportu w naszej lokalnej spo\u0142eczno\u015bci!<\/p>\n\n\n\n<p>PSZS \u017bywiec #Sport\u0141\u0105czy #ProgramKlub #Dotacja #Rozw\u00f3j #Dofinansowanie #MinisterstwoSportu #LokalnySport<\/p>\n\n\n\n<div style=\"height:63px\" aria-hidden=\"true\" class=\"wp-block-spacer\"><\/div>\n\n\n\n<hr class=\"wp-block-separator has-alpha-channel-opacity is-style-wide\"\/>\n\n\n\n<div style=\"height:63px\" aria-hidden=\"true\" class=\"wp-block-spacer\"><\/div>\n\n\n\n<p class=\"has-text-align-center\">Zg\u0142oszenia do zawod\u00f3w nale\u017cy wykonywa\u0107 przez stron\u0119&nbsp;<a href=\"https:\/\/srs.szs.pl\/\">https:\/\/srs.szs.pl\/<\/a>&nbsp;w wyznaczonych terminach.&nbsp;<\/p>\n\n\n\n<p class=\"has-text-align-center\">W przypadk\u00f3w problem\u00f3w prosz\u0119 konstatowa\u0107 si\u0119 telefonicznie:&nbsp;500 045 863 &#8211; p. Micha\u0142 Zapart.<\/p>\n\n\n\n<div style=\"height:63px\" aria-hidden=\"true\" class=\"wp-block-spacer\"><\/div>\n\n\n\n<hr class=\"wp-block-separator has-alpha-channel-opacity is-style-wide\"\/>\n\n\n\n<div style=\"height:63px\" aria-hidden=\"true\" class=\"wp-block-spacer\"><\/div>\n\n\n\n<div class=\"wp-block-group is-nowrap is-layout-flex wp-container-core-group-is-layout-6c531013 wp-block-group-is-layout-flex\">\n<figure class=\"wp-block-gallery has-nested-images columns-default is-cropped wp-block-gallery-1 is-layout-flex wp-block-gallery-is-layout-flex\">\n<figure class=\"wp-block-image size-large\"><img loading=\"lazy\" decoding=\"async\" width=\"1024\" height=\"576\" data-id=\"4824\" src=\"https:\/\/pszs.stronazen.pl\/wp-content\/uploads\/2026\/01\/12-90-1024x576.jpg\" alt=\"\" class=\"wp-image-4824\" srcset=\"https:\/\/pszs.stronazen.pl\/wp-content\/uploads\/2026\/01\/12-90-1024x576.jpg 1024w, https:\/\/pszs.stronazen.pl\/wp-content\/uploads\/2026\/01\/12-90-300x169.jpg 300w, https:\/\/pszs.stronazen.pl\/wp-content\/uploads\/2026\/01\/12-90.jpg 1200w\" sizes=\"auto, (max-width: 1024px) 100vw, 1024px\" \/><\/figure>\n<\/figure>\n\n\n\n<h1 class=\"wp-block-heading\">\ud83c\udfc6\ufe0fKomunikat terminy zawod\u00f3w rejonowych<\/h1>\n<\/div>\n\n\n\n<div style=\"height:57px\" aria-hidden=\"true\" class=\"wp-block-spacer\"><\/div>\n\n\n\n<div data-wp-context=\"{ &quot;autoclose&quot;: false, &quot;accordionItems&quot;: [] }\" data-wp-interactive=\"core\/accordion\" role=\"group\" class=\"wp-block-accordion is-layout-flow wp-block-accordion-is-layout-flow\">\n<div data-wp-class--is-open=\"state.isOpen\" data-wp-context=\"{ &quot;id&quot;: &quot;accordion-item-2&quot;, &quot;openByDefault&quot;: false }\" data-wp-init=\"callbacks.initAccordionItems\" data-wp-on-window--hashchange=\"callbacks.hashChange\" class=\"wp-block-accordion-item is-layout-flow wp-block-accordion-item-is-layout-flow\">\n<h3 class=\"wp-block-accordion-heading\"><button aria-expanded=\"false\" aria-controls=\"accordion-item-2-panel\" data-wp-bind--aria-expanded=\"state.isOpen\" data-wp-on--click=\"actions.toggle\" data-wp-on--keydown=\"actions.handleKeyDown\" id=\"accordion-item-2\" class=\"wp-block-accordion-heading__toggle\"><span class=\"wp-block-accordion-heading__toggle-title\">Siatk\u00f3wka<\/span><span class=\"wp-block-accordion-heading__toggle-icon\" aria-hidden=\"true\">+<\/span><\/button><\/h3>\n\n\n\n<div inert aria-labelledby=\"accordion-item-2\" data-wp-bind--inert=\"!state.isOpen\" id=\"accordion-item-2-panel\" role=\"region\" class=\"wp-block-accordion-panel is-layout-flow wp-block-accordion-panel-is-layout-flow\">\n<p>Igrzyska Dzieci &#8211;&nbsp;16 kwietnia w Bielsku<\/p>\n\n\n\n<p>Igrzyska M\u0142odzie\u017cy &#8211;&nbsp;14 kwietnia w Bielsku,<\/p>\n\n\n\n<p>Licealiada Ch\u0142opcy &#8211; 10 marca w Czechowicach,<\/p>\n\n\n\n<p>Licealiada Dziewcz\u0119ta &#8211; 3-14 marca miejsce do ustalenia.<br><\/p>\n\n\n\n<p><\/p>\n<\/div>\n<\/div>\n<\/div>\n\n\n\n<div data-wp-context=\"{ &quot;autoclose&quot;: false, &quot;accordionItems&quot;: [] }\" data-wp-interactive=\"core\/accordion\" role=\"group\" class=\"wp-block-accordion is-layout-flow wp-block-accordion-is-layout-flow\">\n<div data-wp-class--is-open=\"state.isOpen\" data-wp-context=\"{ &quot;id&quot;: &quot;accordion-item-3&quot;, &quot;openByDefault&quot;: false }\" data-wp-init=\"callbacks.initAccordionItems\" data-wp-on-window--hashchange=\"callbacks.hashChange\" class=\"wp-block-accordion-item is-layout-flow wp-block-accordion-item-is-layout-flow\">\n<h3 class=\"wp-block-accordion-heading\"><button aria-expanded=\"false\" aria-controls=\"accordion-item-3-panel\" data-wp-bind--aria-expanded=\"state.isOpen\" data-wp-on--click=\"actions.toggle\" data-wp-on--keydown=\"actions.handleKeyDown\" id=\"accordion-item-3\" class=\"wp-block-accordion-heading__toggle\"><span class=\"wp-block-accordion-heading__toggle-title\">Pi\u0142ka r\u0119czna<\/span><span class=\"wp-block-accordion-heading__toggle-icon\" aria-hidden=\"true\">+<\/span><\/button><\/h3>\n\n\n\n<div inert aria-labelledby=\"accordion-item-3\" data-wp-bind--inert=\"!state.isOpen\" id=\"accordion-item-3-panel\" role=\"region\" class=\"wp-block-accordion-panel is-layout-flow wp-block-accordion-panel-is-layout-flow\">\n<p>Igrzyska Dzieci &#8211; 1 kwietnia w Bystrej CH +DZ,<\/p>\n\n\n\n<p>Igrzyska M\u0142odzie\u017cy 2 kwietnia w Wilkowicach CH +DZ,<\/p>\n\n\n\n<p>Licealiada 11 marca CH+DZ.<\/p>\n<\/div>\n<\/div>\n<\/div>\n\n\n\n<div data-wp-context=\"{ &quot;autoclose&quot;: false, &quot;accordionItems&quot;: [] }\" data-wp-interactive=\"core\/accordion\" role=\"group\" class=\"wp-block-accordion is-layout-flow wp-block-accordion-is-layout-flow\">\n<div data-wp-class--is-open=\"state.isOpen\" data-wp-context=\"{ &quot;id&quot;: &quot;accordion-item-4&quot;, &quot;openByDefault&quot;: false }\" data-wp-init=\"callbacks.initAccordionItems\" data-wp-on-window--hashchange=\"callbacks.hashChange\" class=\"wp-block-accordion-item is-layout-flow wp-block-accordion-item-is-layout-flow\">\n<h3 class=\"wp-block-accordion-heading\"><button aria-expanded=\"false\" aria-controls=\"accordion-item-4-panel\" data-wp-bind--aria-expanded=\"state.isOpen\" data-wp-on--click=\"actions.toggle\" data-wp-on--keydown=\"actions.handleKeyDown\" id=\"accordion-item-4\" class=\"wp-block-accordion-heading__toggle\"><span class=\"wp-block-accordion-heading__toggle-title\">Koszyk\u00f3wka<\/span><span class=\"wp-block-accordion-heading__toggle-icon\" aria-hidden=\"true\">+<\/span><\/button><\/h3>\n\n\n\n<div inert aria-labelledby=\"accordion-item-4\" data-wp-bind--inert=\"!state.isOpen\" id=\"accordion-item-4-panel\" role=\"region\" class=\"wp-block-accordion-panel is-layout-flow wp-block-accordion-panel-is-layout-flow\">\n<p>Licealiada ch\u0142opc\u00f3w 6 marca w ZSME w \u017bywcu,<\/p>\n\n\n\n<p>Licealiada dziewcz\u0105t 12 marca w Czechowicach,<\/p>\n\n\n\n<p>Igrzyska M\u0142odzie\u017cy 11 kwietnia w Mil\u00f3wce lub w \u017bywcu,<\/p>\n\n\n\n<p>Igrzyska Dzieci 9 kwietnia w Czechowicach.<\/p>\n<\/div>\n<\/div>\n<\/div>\n\n\n\n<div style=\"height:33px\" aria-hidden=\"true\" class=\"wp-block-spacer\"><\/div>\n\n\n\n<p>Bardzo prosz\u0119 nauczycieli\/trener\u00f3w o sprawdzanie na bie\u017c\u0105co termin\u00f3w zawod\u00f3w w Systemie Rekestracji Szk\u00f3\u0142 poniewa\u017c to s\u0105 ustalenia wst\u0119pne ,wi\u0119c wszystko mo\u017ce ulec zmianie.<\/p>\n\n\n\n<p><\/p>\n","protected":false},"excerpt":{"rendered":"<p>Komunikaty Z ogromn\u0105 rado\u015bci\u0105 informujemy, \u017ce nasz klub Powiatowy Szkolny Zwi\u0105zek Sportowy w \u017bywcu otrzyma\u0142 dofinansowanie z Rz\u0105dowego Programu &#8222;KLUB&#8221; &#8211; edycja 2025! To fantastyczna wiadomo\u015b\u0107, kt\u00f3ra pozwoli nam jeszcze &hellip; <\/p>\n<p class=\"link-more\"><a href=\"https:\/\/pszs.stronazen.pl\/index.php\/komunikaty\/\" class=\"more-link\">Read more<span class=\"screen-reader-text\"> &#8222;Komunikaty&#8221;<\/span><\/a><\/p>\n","protected":false},"author":1,"featured_media":0,"parent":0,"menu_order":0,"comment_status":"closed","ping_status":"closed","template":"","meta":{"footnotes":""},"class_list":["post-2","page","type-page","status-publish","hentry"],"_links":{"self":[{"href":"https:\/\/pszs.stronazen.pl\/index.php\/wp-json\/wp\/v2\/pages\/2","targetHints":{"allow":["GET"]}}],"collection":[{"href":"https:\/\/pszs.stronazen.pl\/index.php\/wp-json\/wp\/v2\/pages"}],"about":[{"href":"https:\/\/pszs.stronazen.pl\/index.php\/wp-json\/wp\/v2\/types\/page"}],"author":[{"embeddable":true,"href":"https:\/\/pszs.stronazen.pl\/index.php\/wp-json\/wp\/v2\/users\/1"}],"replies":[{"embeddable":true,"href":"https:\/\/pszs.stronazen.pl\/index.php\/wp-json\/wp\/v2\/comments?post=2"}],"version-history":[{"count":11,"href":"https:\/\/pszs.stronazen.pl\/index.php\/wp-json\/wp\/v2\/pages\/2\/revisions"}],"predecessor-version":[{"id":5389,"href":"https:\/\/pszs.stronazen.pl\/index.php\/wp-json\/wp\/v2\/pages\/2\/revisions\/5389"}],"wp:attachment":[{"href":"https:\/\/pszs.stronazen.pl\/index.php\/wp-json\/wp\/v2\/media?parent=2"}],"curies":[{"name":"wp","href":"https:\/\/api.w.org\/{rel}","templated":true}]}}