{"id":237,"date":"2026-01-15T16:27:30","date_gmt":"2026-01-15T15:27:30","guid":{"rendered":"https:\/\/pszs.stronazen.pl\/?page_id=237"},"modified":"2026-01-18T00:23:06","modified_gmt":"2026-01-17T23:23:06","slug":"kadra-pszp","status":"publish","type":"page","link":"https:\/\/pszs.stronazen.pl\/index.php\/kadra-pszp\/","title":{"rendered":"Kadra PSZP"},"content":{"rendered":"\n<h2 class=\"wp-block-heading has-text-align-center\">Lista koordynator\u00f3w, wolontariuszy i s\u0119dzi\u00f3w sportowych wsp\u00f3\u0142pracuj\u0105cych z Powiatowym Szkolnym Zwi\u0105zkiem Sportowym<\/h2>\n\n\n\n<hr class=\"wp-block-separator has-alpha-channel-opacity is-style-wide\"\/>\n\n\n\n<div style=\"height:56px\" aria-hidden=\"true\" class=\"wp-block-spacer\"><\/div>\n\n\n\n<h3 class=\"wp-block-heading has-text-align-center\">Szko\u0142y ponadpodstawowe<\/h3>\n\n\n\n<figure class=\"wp-block-table moja-tabela\"><table class=\"has-fixed-layout\"><tbody><tr><th><strong>L.P.<\/strong><\/th><th>Imi\u0119 i nazwisko<\/th><th>Dyscyplina<\/th><th>Szko\u0142a<\/th><\/tr><tr><td>1<\/td><td>Micha\u0142 Zapart<\/td><td>Koordynator projektu<br><ul><li>koszyk\u00f3wka<\/li> <li>szachy<\/li> <\/ul><\/td><td>ZSME w \u017bywcu<\/td><\/tr><tr><td>2<\/td><td>Marcin Tla\u0142ka<\/td><td>siatk\u00f3wka<\/td><td>ZSME w \u017bywcu<\/td><\/tr><tr><td>3<\/td><td>Robert So\u0142tysek<\/td><td>pi\u0142ka no\u017cna<\/td><td>ZSME w \u017bywcu<\/td><\/tr><tr><td>4<\/td><td>S\u0142awomir So\u0142tysik<\/td><td>szachy<\/td><td>ZSME w \u017bywcu<\/td><\/tr><tr><td>5<\/td><td>Mariusz Kozie\u0142<\/td><td>pi\u0142ka no\u017cna<\/td><td>ZSS w \u017bywcu<\/td><\/tr><tr><td>6<\/td><td>Grzegorz Dybczak<\/td><td>Koordynator szkolny<\/td><td>I LO im. M. Kopernika w \u017bywcu<\/td><\/tr><tr><td>7<\/td><td>Marta Stajniak<\/td><td>Koordynator szkolny<\/td><td>Zesp\u00f3\u0142 Szk\u00f3\u0142 Agrotechnicznych i Og\u00f3lnokszta\u0142c\u0105cych im. J\u00f3zefa Pi\u0142sudskiego w \u017bywcu<\/td><\/tr><tr><td>8<\/td><td>Magdalena Stajniak<\/td><td>Koordynator szkolny<\/td><td>Zesp\u00f3\u0142 Szk\u00f3\u0142 Budowlano-Drzewnych w \u017bywcu<\/td><\/tr><tr><td>9<\/td><td>Iwona Pytel<\/td><td>Koordynator szkolny<\/td><td>Zesp\u00f3\u0142 Szk\u00f3\u0142 Og\u00f3lnokszta\u0142c\u0105cych i Technicznych im. Marii Konopnickiej w Mil\u00f3wce<\/td><\/tr><tr><td>10<\/td><td>Zbigniew Cempiel<\/td><td>Koordynator szkolny<\/td><td>Zesp\u00f3\u0142 Szk\u00f3\u0142 Samochodowych w W\u0119gierskiej G\u00f3rce<\/td><\/tr><\/tbody><\/table><\/figure>\n\n\n\n<div style=\"height:42px\" aria-hidden=\"true\" class=\"wp-block-spacer\"><\/div>\n\n\n\n<hr class=\"wp-block-separator has-alpha-channel-opacity is-style-wide\"\/>\n\n\n\n<div style=\"height:52px\" aria-hidden=\"true\" class=\"wp-block-spacer\"><\/div>\n\n\n\n<h3 class=\"wp-block-heading has-text-align-center\">Szko\u0142y podstawowe<\/h3>\n\n\n\n<figure class=\"wp-block-table moja-tabela\"><table class=\"has-fixed-layout\"><tbody><tr><th>L.P.<\/th><th>Imi\u0119 i nazwisko<\/th><th>Dyscyplina<\/th><th>Szko\u0142a<\/th><\/tr><tr><td>1<\/td><td>Krystyna Fijak<br>Ewa Tomasiak<\/td><td>lekkoatletyka<\/td><td>SP nr 5 &#8211; \u017bywiec<\/td><\/tr><tr><td>2<\/td><td>Tomasz Wolny<\/td><td>pi\u0142ka r\u0119czna<\/td><td>SP nr 1 &#8211; \u0141odygowice<\/td><\/tr><tr><td>3<\/td><td>Marek Piela<\/td><td>pi\u0142ka no\u017cna<\/td><td>Zesp\u00f3\u0142 Szk\u00f3\u0142 nr 2 &#8211; Jele\u015bnia<\/td><\/tr><tr><td>4<\/td><td>Mariusz Janik<\/td><td>gry i zabawy<br>siatk\u00f3wka<\/td><td>Zesp\u00f3\u0142 Szk\u00f3\u0142 im. ks. pra\u0142. Stanis\u0142awa Gawlika w Radziechowach<\/td><\/tr><tr><td>5<\/td><td>Wojciech Zuziak<\/td><td>siatk\u00f3wka<\/td><td>Zesp\u00f3\u0142 Szkolno-Przedszkolny w Twardorzeczce<\/td><\/tr><tr><td>6<\/td><td>Dominik Caputa<\/td><td>koszyk\u00f3wka<\/td><td>Zesp\u00f3\u0142 Szkolno-Przedszkolny w Lipowej<\/td><\/tr><\/tbody><\/table><\/figure>\n\n\n\n<div style=\"height:42px\" aria-hidden=\"true\" class=\"wp-block-spacer\"><\/div>\n\n\n\n<hr class=\"wp-block-separator has-alpha-channel-opacity is-style-wide\"\/>\n\n\n\n<div style=\"height:52px\" aria-hidden=\"true\" class=\"wp-block-spacer\"><\/div>\n\n\n\n<h3 class=\"wp-block-heading has-text-align-center\">Wolontariusze<\/h3>\n\n\n\n<figure class=\"wp-block-table moja-tabela\"><table class=\"has-fixed-layout\"><tbody><tr><th>L.P.<\/th><th>Imi\u0119 i nazwisko<\/th><th>Dyscyplina<\/th><th>Zakres dzia\u0142a\u0144<\/th><\/tr><tr><td>1<\/td><td>Tadeusz Skowron<\/td><td>lekkoatletyka<\/td><td>organizator<\/td><\/tr><tr><td>2<\/td><td>Jerzy Szrajber<\/td><td>tenis sto\u0142owy<\/td><td>organizator<\/td><\/tr><tr><td>3<\/td><td>Marian Sat\u0142awa<\/td><td>pi\u0142ka siatkowa<br>lekkoatletyka<\/td><td>organizator \/ s\u0119dzia<\/td><\/tr><tr><td>4<\/td><td>Marek Tyc<\/td><td>lekkoatletyka<br>pi\u0142ka no\u017cna<\/td><td>obs\u0142uga medyczna \/ organizator<\/td><\/tr><\/tbody><\/table><\/figure>\n\n\n\n<div style=\"height:42px\" aria-hidden=\"true\" class=\"wp-block-spacer\"><\/div>\n\n\n\n<hr class=\"wp-block-separator has-alpha-channel-opacity is-style-wide\"\/>\n\n\n\n<div style=\"height:52px\" aria-hidden=\"true\" class=\"wp-block-spacer\"><\/div>\n\n\n\n<h3 class=\"wp-block-heading has-text-align-center kadraPSZP\">M\u0142odzie\u017cowy s\u0119dzia sportowy<\/h3>\n\n\n\n<figure class=\"wp-block-table moja-tabela\"><table class=\"has-fixed-layout\"><tbody><tr><th>L.P.<\/th><th>Imi\u0119 i nazwisko<\/th><th>Dyscyplina<\/th><th>Zakres dzia\u0142a\u0144<\/th><\/tr><tr><td>1<\/td><td>Bart\u0142omiej Bia\u0142ek<\/td><td>koszyk\u00f3wka<\/td><td>s\u0119dzia<\/td><\/tr><tr><td>2<\/td><td>Jakub Cicho\u0144<\/td><td>koszyk\u00f3wka<\/td><td>s\u0119dzia<\/td><\/tr><tr><td>3<\/td><td>Kamil Cicho\u0144<\/td><td>koszyk\u00f3wka<\/td><td>s\u0119dzia<\/td><\/tr><tr><td>4<\/td><td>Maksymilian Konior<\/td><td>koszyk\u00f3wka<\/td><td>s\u0119dzia<\/td><\/tr><tr><td>5<\/td><td>Krystian Motyka<\/td><td>koszyk\u00f3wka<\/td><td>s\u0119dzia<\/td><\/tr><tr><td>6<\/td><td>Zuzanna Pietraszko<\/td><td>koszyk\u00f3wka<\/td><td>s\u0119dzia<\/td><\/tr><tr><td>7<\/td><td>Wiktoria Sanetra<\/td><td>koszyk\u00f3wka<\/td><td>s\u0119dzia<\/td><\/tr><tr><td>8<\/td><td>Dominik Zuziak<\/td><td>koszyk\u00f3wka<\/td><td>s\u0119dzia<\/td><\/tr><tr><td>9<\/td><td>Wiktoria Zyzak<\/td><td>koszyk\u00f3wka<\/td><td>s\u0119dzia<\/td><\/tr><tr><td>10<\/td><td>Maciej Tomaszek<\/td><td>pi\u0142ka siatkowa<\/td><td>s\u0119dzia<\/td><\/tr><\/tbody><\/table><\/figure>\n\n\n\n<p><\/p>\n","protected":false},"excerpt":{"rendered":"<p>Lista koordynator\u00f3w, wolontariuszy i s\u0119dzi\u00f3w sportowych wsp\u00f3\u0142pracuj\u0105cych z Powiatowym Szkolnym Zwi\u0105zkiem Sportowym Szko\u0142y ponadpodstawowe L.P. Imi\u0119 i nazwisko Dyscyplina Szko\u0142a 1 Micha\u0142 Zapart Koordynator projektu koszyk\u00f3wka szachy ZSME w \u017bywcu &hellip; <\/p>\n<p class=\"link-more\"><a href=\"https:\/\/pszs.stronazen.pl\/index.php\/kadra-pszp\/\" class=\"more-link\">Read more<span class=\"screen-reader-text\"> &#8222;Kadra PSZP&#8221;<\/span><\/a><\/p>\n","protected":false},"author":2,"featured_media":0,"parent":0,"menu_order":0,"comment_status":"closed","ping_status":"closed","template":"","meta":{"footnotes":""},"class_list":["post-237","page","type-page","status-publish","hentry"],"_links":{"self":[{"href":"https:\/\/pszs.stronazen.pl\/index.php\/wp-json\/wp\/v2\/pages\/237","targetHints":{"allow":["GET"]}}],"collection":[{"href":"https:\/\/pszs.stronazen.pl\/index.php\/wp-json\/wp\/v2\/pages"}],"about":[{"href":"https:\/\/pszs.stronazen.pl\/index.php\/wp-json\/wp\/v2\/types\/page"}],"author":[{"embeddable":true,"href":"https:\/\/pszs.stronazen.pl\/index.php\/wp-json\/wp\/v2\/users\/2"}],"replies":[{"embeddable":true,"href":"https:\/\/pszs.stronazen.pl\/index.php\/wp-json\/wp\/v2\/comments?post=237"}],"version-history":[{"count":20,"href":"https:\/\/pszs.stronazen.pl\/index.php\/wp-json\/wp\/v2\/pages\/237\/revisions"}],"predecessor-version":[{"id":320,"href":"https:\/\/pszs.stronazen.pl\/index.php\/wp-json\/wp\/v2\/pages\/237\/revisions\/320"}],"wp:attachment":[{"href":"https:\/\/pszs.stronazen.pl\/index.php\/wp-json\/wp\/v2\/media?parent=237"}],"curies":[{"name":"wp","href":"https:\/\/api.w.org\/{rel}","templated":true}]}}