{"id":359,"date":"2026-01-15T19:15:29","date_gmt":"2026-01-15T18:15:29","guid":{"rendered":"https:\/\/pszs.stronazen.pl\/?page_id=359"},"modified":"2026-01-15T19:52:49","modified_gmt":"2026-01-15T18:52:49","slug":"rodo","status":"publish","type":"page","link":"https:\/\/pszs.stronazen.pl\/index.php\/rodo\/","title":{"rendered":"RODO"},"content":{"rendered":"\n<h1 class=\"wp-block-heading has-text-align-center\">RODO<\/h1>\n\n\n\n<hr class=\"wp-block-separator has-alpha-channel-opacity is-style-wide\"\/>\n\n\n\n<div class=\"info-grid\">\n  <div class=\"info-box\">\n    <p class=\"info-text\">Obowi\u0105zek informacyjny w wersji PDF<\/p>\n    <a href=\"https:\/\/www.pszs-zywiec.pl\/data\/files\/rodo\/obowiazek_informacyjny.pdf\" class=\"download-btn\" target=\"_blank\">Pobierz<\/a>\n  <\/div>\n\n  <div class=\"info-box\">\n    <p class=\"info-text\">Klauzula informacyjna dla rodzica w wersji PDF<\/p>\n    <a href=\"https:\/\/www.pszs-zywiec.pl\/data\/files\/rodo\/klauzula_informacyjna_dla_rodzica.pdf\" class=\"download-btn\" target=\"_blank\">Pobierz<\/a>\n  <\/div>\n\n  <div class=\"info-box\">\n    <p class=\"info-text\">Zgoda rodzic\u00f3w na udzia\u0142 dziecka w zawodach w wersji PDF<\/p>\n    <a href=\"https:\/\/www.pszs-zywiec.pl\/data\/files\/rodo\/zgoda_rodzicow_na_udzial_dziecka_w_zawodach.pdf\" class=\"download-btn\" target=\"_blank\">Pobierz<\/a>\n  <\/div>\n\n  <div class=\"info-box\">\n    <p class=\"info-text\">Zgoda na upublicznienie wizerunku uczestnika zawod\u00f3w w wersji PDF<\/p>\n    <a href=\"https:\/\/www.pszs-zywiec.pl\/data\/files\/rodo\/zgoda_na_upublicznienie_wizerunku_uczestnika_zawodow.pdf\" class=\"download-btn\" target=\"_blank\">Pobierz<\/a>\n  <\/div>\n<\/div>\n","protected":false},"excerpt":{"rendered":"<p>RODO Obowi\u0105zek informacyjny w wersji PDF Pobierz Klauzula informacyjna dla rodzica w wersji PDF Pobierz Zgoda rodzic\u00f3w na udzia\u0142 dziecka w zawodach w wersji PDF Pobierz Zgoda na upublicznienie wizerunku &hellip; <\/p>\n<p class=\"link-more\"><a href=\"https:\/\/pszs.stronazen.pl\/index.php\/rodo\/\" class=\"more-link\">Read more<span class=\"screen-reader-text\"> &#8222;RODO&#8221;<\/span><\/a><\/p>\n","protected":false},"author":2,"featured_media":0,"parent":0,"menu_order":0,"comment_status":"closed","ping_status":"closed","template":"","meta":{"footnotes":""},"class_list":["post-359","page","type-page","status-publish","hentry"],"_links":{"self":[{"href":"https:\/\/pszs.stronazen.pl\/index.php\/wp-json\/wp\/v2\/pages\/359","targetHints":{"allow":["GET"]}}],"collection":[{"href":"https:\/\/pszs.stronazen.pl\/index.php\/wp-json\/wp\/v2\/pages"}],"about":[{"href":"https:\/\/pszs.stronazen.pl\/index.php\/wp-json\/wp\/v2\/types\/page"}],"author":[{"embeddable":true,"href":"https:\/\/pszs.stronazen.pl\/index.php\/wp-json\/wp\/v2\/users\/2"}],"replies":[{"embeddable":true,"href":"https:\/\/pszs.stronazen.pl\/index.php\/wp-json\/wp\/v2\/comments?post=359"}],"version-history":[{"count":15,"href":"https:\/\/pszs.stronazen.pl\/index.php\/wp-json\/wp\/v2\/pages\/359\/revisions"}],"predecessor-version":[{"id":416,"href":"https:\/\/pszs.stronazen.pl\/index.php\/wp-json\/wp\/v2\/pages\/359\/revisions\/416"}],"wp:attachment":[{"href":"https:\/\/pszs.stronazen.pl\/index.php\/wp-json\/wp\/v2\/media?parent=359"}],"curies":[{"name":"wp","href":"https:\/\/api.w.org\/{rel}","templated":true}]}}