{"id":361,"date":"2026-01-15T19:15:53","date_gmt":"2026-01-15T18:15:53","guid":{"rendered":"https:\/\/pszs.stronazen.pl\/?page_id=361"},"modified":"2026-01-18T13:50:48","modified_gmt":"2026-01-18T12:50:48","slug":"do-pobrania","status":"publish","type":"page","link":"https:\/\/pszs.stronazen.pl\/index.php\/do-pobrania\/","title":{"rendered":"Do pobrania"},"content":{"rendered":"\n<h1 class=\"wp-block-heading has-text-align-center\">Do pobrania<\/h1>\n\n\n\n<hr class=\"wp-block-separator has-alpha-channel-opacity is-style-wide\"\/>\n\n\n\n<div class=\"info-grid\">\n  <div class=\"info-box\">\n    <p class=\"info-text\">Kartki startowe &#8211; lekka atletyka<\/p>\n    <a href=\"https:\/\/www.pszs-zywiec.pl\/data\/files\/pobierz\/kartki_startowe-lekka_atletyka.pdf\" class=\"download-btn\" target=\"_blank\">Pobierz<\/a>\n  <\/div>\n\n  <div class=\"info-box\">\n    <p class=\"info-text\">Kartki startowe &#8211; biegi prze\u0142ajowe<\/p>\n    <a href=\"https:\/\/www.pszs-zywiec.pl\/data\/files\/pobierz\/kartki_startowe-biegi_przelajowe.pdf\" class=\"download-btn\" target=\"_blank\">Pobierz<\/a>\n  <\/div>\n\n  <div class=\"info-box\">\n    <p class=\"info-text\">Kartki startowe &#8211; p\u0142ywanie<\/p>\n    <a href=\"https:\/\/www.pszs-zywiec.pl\/data\/files\/pobierz\/kartki_startowe-plywanie.pdf\" class=\"download-btn\" target=\"_blank\">Pobierz<\/a>\n  <\/div>\n\n  <div class=\"info-box\">\n    <p class=\"info-text\">Protok\u00f3\u0142 &#8211; 3-b\u00f3j lekkoatletyczny<\/p>\n    <a href=\"https:\/\/www.pszs-zywiec.pl\/data\/files\/pobierz\/protokol_3_boj_lekkoatletyczny.pdf\" class=\"download-btn\" target=\"_blank\">Pobierz<\/a>\n  <\/div>\n<\/div>\n<div class=\"info-grid\">\n  <div class=\"info-box\">\n    <p class=\"info-text\">rotok\u00f3\u0142 &#8211; 4-b\u00f3j lekkoatletyczny<\/p>\n    <a href=\"https:\/\/www.pszs-zywiec.pl\/data\/files\/pobierz\/protokol_4_boj_lekkoatletyczny.pdf\" class=\"download-btn\" target=\"_blank\">Pobierz<\/a>\n  <\/div>\n\n  <div class=\"info-box\">\n    <p class=\"info-text\">Protok\u00f3\u0142 &#8211; liga lekkoatletyczna &#8211; IMS<\/p>\n    <a href=\"https:\/\/www.pszs-zywiec.pl\/data\/files\/pobierz\/protokol_4_boj_lekkoatletyczny_1683798124.pdf\" class=\"download-btn\" target=\"_blank\">Pobierz<\/a>\n  <\/div>\n\n  <div class=\"info-box\">\n    <p class=\"info-text\">Protok\u00f3\u0142 &#8211; liga lekkoatletyczna &#8211; Licealiada<\/p>\n    <a href=\"https:\/\/www.pszs-zywiec.pl\/data\/files\/pobierz\/protokol_ligi_la-ims.pdf\" class=\"download-btn\" target=\"_blank\">Pobierz<\/a>\n  <\/div>\n\n  <div class=\"info-box\">\n    <p class=\"info-text\">Protok\u00f3\u0142 &#8211; badminton &#8211; gry dru\u017cynowe<\/p>\n    <a href=\"https:\/\/www.pszs-zywiec.pl\/data\/files\/pobierz\/protokol-badminton.pdf\" class=\"download-btn\" target=\"_blank\">Pobierz<\/a>\n  <\/div>\n<\/div>\n<div class=\"info-grid\">\n  <div class=\"info-box\">\n    <p class=\"info-text\">Protok\u00f3\u0142 &#8211; szachy &#8211; gry dru\u017cynowe<\/p>\n    <a href=\"https:\/\/www.pszs-zywiec.pl\/data\/files\/pobierz\/protokol_szachy_druzynowe.pdf\" class=\"download-btn\" target=\"_blank\">Pobierz<\/a>\n  <\/div>\n\n  <div class=\"info-box\">\n    <p class=\"info-text\">Protok\u00f3\u0142 &#8211; koszyk\u00f3wka<\/p>\n    <a href=\"https:\/\/www.pszs-zywiec.pl\/data\/files\/pobierz\/protokol_koszykowka.pdf\" class=\"download-btn\" target=\"_blank\">Pobierz<\/a>\n  <\/div>\n\n  <div class=\"info-box\">\n    <p class=\"info-text\">Protok\u00f3\u0142 &#8211; pi\u0142ka r\u0119czna<\/p>\n    <a href=\"https:\/\/www.pszs-zywiec.pl\/data\/files\/pobierz\/protokol_pilka_reczna.pdf\" class=\"download-btn\" target=\"_blank\">Pobierz<\/a>\n  <\/div>\n\n  <div class=\"info-box\">\n    <p class=\"info-text\">Protok\u00f3\u0142 &#8211; pi\u0142ka siatkowa<\/p>\n    <a href=\"https:\/\/www.pszs-zywiec.pl\/data\/files\/pobierz\/protokol_pilka_siatkowa.pdf\" class=\"download-btn\" target=\"_blank\">Pobierz<\/a>\n  <\/div>\n<\/div>\n<div class=\"info-grid\">\n  <div class=\"info-box\">\n    <p class=\"info-text\">Komunikat ko\u0144cowy z zawod\u00f3w<\/p>\n    <a href=\"https:\/\/www.pszs-zywiec.pl\/data\/files\/pobierz\/komunikat_koncowy_z_zawodow.pdf\" class=\"download-btn\" target=\"_blank\">Pobierz<\/a>\n  <\/div>\n<\/div>\n\n\n\n<p class=\"has-text-align-center\"><\/p>\n","protected":false},"excerpt":{"rendered":"<p>Do pobrania Kartki startowe &#8211; lekka atletyka Pobierz Kartki startowe &#8211; biegi prze\u0142ajowe Pobierz Kartki startowe &#8211; p\u0142ywanie Pobierz Protok\u00f3\u0142 &#8211; 3-b\u00f3j lekkoatletyczny Pobierz rotok\u00f3\u0142 &#8211; 4-b\u00f3j lekkoatletyczny Pobierz Protok\u00f3\u0142 &hellip; <\/p>\n<p class=\"link-more\"><a href=\"https:\/\/pszs.stronazen.pl\/index.php\/do-pobrania\/\" class=\"more-link\">Read more<span class=\"screen-reader-text\"> &#8222;Do pobrania&#8221;<\/span><\/a><\/p>\n","protected":false},"author":2,"featured_media":0,"parent":0,"menu_order":0,"comment_status":"closed","ping_status":"closed","template":"","meta":{"footnotes":""},"class_list":["post-361","page","type-page","status-publish","hentry"],"_links":{"self":[{"href":"https:\/\/pszs.stronazen.pl\/index.php\/wp-json\/wp\/v2\/pages\/361","targetHints":{"allow":["GET"]}}],"collection":[{"href":"https:\/\/pszs.stronazen.pl\/index.php\/wp-json\/wp\/v2\/pages"}],"about":[{"href":"https:\/\/pszs.stronazen.pl\/index.php\/wp-json\/wp\/v2\/types\/page"}],"author":[{"embeddable":true,"href":"https:\/\/pszs.stronazen.pl\/index.php\/wp-json\/wp\/v2\/users\/2"}],"replies":[{"embeddable":true,"href":"https:\/\/pszs.stronazen.pl\/index.php\/wp-json\/wp\/v2\/comments?post=361"}],"version-history":[{"count":29,"href":"https:\/\/pszs.stronazen.pl\/index.php\/wp-json\/wp\/v2\/pages\/361\/revisions"}],"predecessor-version":[{"id":5080,"href":"https:\/\/pszs.stronazen.pl\/index.php\/wp-json\/wp\/v2\/pages\/361\/revisions\/5080"}],"wp:attachment":[{"href":"https:\/\/pszs.stronazen.pl\/index.php\/wp-json\/wp\/v2\/media?parent=361"}],"curies":[{"name":"wp","href":"https:\/\/api.w.org\/{rel}","templated":true}]}}