{"id":363,"date":"2026-01-15T19:16:05","date_gmt":"2026-01-15T18:16:05","guid":{"rendered":"https:\/\/pszs.stronazen.pl\/?page_id=363"},"modified":"2026-01-19T10:48:13","modified_gmt":"2026-01-19T09:48:13","slug":"kontakt","status":"publish","type":"page","link":"https:\/\/pszs.stronazen.pl\/index.php\/kontakt\/","title":{"rendered":"Kontakt"},"content":{"rendered":"\n<div class=\"wp-block-columns are-vertically-aligned-center is-layout-flex wp-container-core-columns-is-layout-28f84493 wp-block-columns-is-layout-flex\">\n<div class=\"wp-block-column is-vertically-aligned-center is-layout-flow wp-block-column-is-layout-flow\" style=\"flex-basis:100%\"><\/div>\n<\/div>\n\n\n\n<div class=\"kontakt-container\">\n    \n    <div class=\"kontakt-info\">\n        <h2 class=\"kontakt-tytul\">Dane kontaktowe<\/h2>\n        <p style=\"font-size: 22px; font-weight: bold; margin-bottom: 5px; color: #444;\">\n            Powiatowy Szkolny Zwi\u0105zek Sportowy w \u017bywcu\n        <\/p>\n        <p style=\"font-size: 20px; color: #555; margin-bottom: 30px; margin-top: 0;\">\n            Komisji Edukacji Narodowej 3<br>\n            34-300 \u017bywiec\n        <\/p>\n        <p style=\"font-size: 20px; margin-bottom: 15px;\">\n            e-mail: <a href=\"mailto:pszs@pszs-zywiec.pl\" style=\"color: #5fb4a2; text-decoration: underline;\">pszs@pszs-zywiec.pl<\/a>\n        <\/p>\n        <p style=\"font-size: 20px; margin-top: 0;\">\n            Telefon: +48 500 045 863\n        <\/p>\n    <\/div>\n\n    <div class=\"kontakt-formularz\">\n        <h2 class=\"kontakt-tytul\">Formularz kontaktowy<\/h2>\n        <hr class=\"form-separator\">\n        <div class=\"wp-block-contact-form-7-contact-form-selector\">\n<div class=\"wpcf7 no-js\" id=\"wpcf7-f5142-o1\" lang=\"pl-PL\" dir=\"ltr\" data-wpcf7-id=\"5142\">\n<div class=\"screen-reader-response\"><p role=\"status\" aria-live=\"polite\" aria-atomic=\"true\"><\/p> <ul><\/ul><\/div>\n<form action=\"\/index.php\/wp-json\/wp\/v2\/pages\/363#wpcf7-f5142-o1\" method=\"post\" class=\"wpcf7-form init\" aria-label=\"Formularz kontaktowy\" novalidate=\"novalidate\" data-status=\"init\">\n<fieldset class=\"hidden-fields-container\"><input type=\"hidden\" name=\"_wpcf7\" value=\"5142\" \/><input type=\"hidden\" name=\"_wpcf7_version\" value=\"6.1.4\" \/><input type=\"hidden\" name=\"_wpcf7_locale\" value=\"pl_PL\" \/><input type=\"hidden\" name=\"_wpcf7_unit_tag\" value=\"wpcf7-f5142-o1\" \/><input type=\"hidden\" name=\"_wpcf7_container_post\" value=\"0\" \/><input type=\"hidden\" name=\"_wpcf7_posted_data_hash\" value=\"\" \/>\n<\/fieldset>\n<div class=\"custom-form\">\n\t<p><span class=\"wpcf7-form-control-wrap\" data-name=\"full-name\"><input size=\"40\" maxlength=\"400\" class=\"wpcf7-form-control wpcf7-text wpcf7-validates-as-required input-text\" aria-required=\"true\" aria-invalid=\"false\" placeholder=\"Imi\u0119 i Nazwisko\" value=\"\" type=\"text\" name=\"full-name\" \/><\/span><br \/>\n<span class=\"wpcf7-form-control-wrap\" data-name=\"email\"><input size=\"40\" maxlength=\"400\" class=\"wpcf7-form-control wpcf7-email wpcf7-validates-as-required wpcf7-text wpcf7-validates-as-email input-text\" aria-required=\"true\" aria-invalid=\"false\" placeholder=\"E-mail\" value=\"\" type=\"email\" name=\"email\" \/><\/span><br \/>\n<span class=\"wpcf7-form-control-wrap\" data-name=\"subject\"><input size=\"40\" maxlength=\"400\" class=\"wpcf7-form-control wpcf7-text input-text\" aria-invalid=\"false\" placeholder=\"Tytu\u0142\" value=\"\" type=\"text\" name=\"subject\" \/><\/span><br \/>\n<span class=\"wpcf7-form-control-wrap\" data-name=\"message\"><textarea cols=\"40\" rows=\"10\" maxlength=\"2000\" class=\"wpcf7-form-control wpcf7-textarea input-text\" aria-invalid=\"false\" placeholder=\"Wiadomo\u015b\u0107\" name=\"message\"><\/textarea><\/span><br \/>\n<input class=\"wpcf7-form-control wpcf7-submit has-spinner btn\" type=\"submit\" value=\"Wy\u015blij wiadomo\u015b\u0107\" \/>\n\t<\/p>\n<\/div><div class=\"wpcf7-response-output\" aria-hidden=\"true\"><\/div>\n<\/form>\n<\/div>\n<\/div>\n    <\/div>\n\n<\/div>\n\n\n\n<div style=\"height:100px\" aria-hidden=\"true\" class=\"wp-block-spacer\"><\/div>\n\n\n\n<div class=\"zarzad-container\">\n    <div class=\"zarzad-logo-box\">\n        <img decoding=\"async\" src=\"https:\/\/pszs.stronazen.pl\/wp-content\/uploads\/2026\/01\/pszs-zywiec-logo.png\" alt=\"Logo SZS \u017bywiec\" class=\"zarzad-logo\">\n        <p class=\"logo-podpis\">Powiatowy Szkolny Zwi\u0105zek Sportowy w \u017bywcu<\/p>\n    <\/div>\n\n    <div class=\"zarzad-dane\">\n        <section class=\"sekcja-zarzad\">\n            <h3>Zarz\u0105d PSZS w \u017bywcu<\/h3>\n            <p>Przewodnicz\u0105cy: mgr Micha\u0142 Zapart<\/p>\n            <p>Wiceprzewodnicz\u0105cy: mgr Tomasz Wolny<\/p>\n            <p>Sekretarz: mgr Marek Piela<\/p>\n        <\/section>\n\n        <section class=\"sekcja-komisja\">\n            <h3>Komisja rewizyjna<\/h3>\n            <p>Przewodnicz\u0105cy: mgr Marek Tyc<\/p>\n            <p>Zast\u0119pca przewodnicz\u0105cego: Roman Czech<\/p>\n            <p>Sekretarz: Robert So\u0142tysek<\/p>\n        <\/section>\n\n        <section class=\"sekcja-konto\">\n            <p>Numer konta bankowego <strong>19 8131 0005 0018 0698 2000 0010<\/strong><\/p>\n        <\/section>\n    <\/div>\n<\/div>\n\n\n\n<div style=\"height:73px\" aria-hidden=\"true\" class=\"wp-block-spacer\"><\/div>\n\n\n\n<style>\n.fullwidth-map {\n  position: relative;\n  width: 100%;\n  max-width: 100%;\n  margin: 0;\n  padding: 0;\n}\n\n.fullwidth-map iframe {\n  display: block;\n  width: 100vw;\n  height: 60vh;\n  max-width: 100vw;\n  border: 0;\n  margin-left: calc(50% - 50vw);\n}\n<\/style>\n\n<div class=\"fullwidth-map\">\n  <iframe\n    src=\"https:\/\/www.google.com\/maps\/embed?pb=!1m18!1m12!1m3!1d8805.321924247177!2d19.19817417167939!3d49.68693086327388!2m3!1f0!2f0!3f0!3m2!1i1024!2i768!4f13.1!3m3!1m2!1s0x471428836105b85d%3A0xb57c7561232142ee!2zWmVzcMOzxYIgU3prw7PFgiBNZWNoYW5pY3pubyAtIEVsZWt0cnljem55Y2g!5e0!3m2!1spl!2spl!4v1768745093032!5m2!1spl!2spl\"\n    allowfullscreen\n    loading=\"lazy\"\n    referrerpolicy=\"no-referrer-when-downgrade\">\n  <\/iframe>\n<\/div>\n\n\n\n<p><\/p>\n\n\n\n<p><\/p>\n","protected":false},"excerpt":{"rendered":"<p>Dane kontaktowe Powiatowy Szkolny Zwi\u0105zek Sportowy w \u017bywcu Komisji Edukacji Narodowej 3 34-300 \u017bywiec e-mail: pszs@pszs-zywiec.pl Telefon: +48 500 045 863 Formularz kontaktowy Powiatowy Szkolny Zwi\u0105zek Sportowy w \u017bywcu Zarz\u0105d &hellip; <\/p>\n<p class=\"link-more\"><a href=\"https:\/\/pszs.stronazen.pl\/index.php\/kontakt\/\" class=\"more-link\">Read more<span class=\"screen-reader-text\"> &#8222;Kontakt&#8221;<\/span><\/a><\/p>\n","protected":false},"author":2,"featured_media":0,"parent":0,"menu_order":0,"comment_status":"closed","ping_status":"closed","template":"","meta":{"footnotes":""},"class_list":["post-363","page","type-page","status-publish","hentry"],"_links":{"self":[{"href":"https:\/\/pszs.stronazen.pl\/index.php\/wp-json\/wp\/v2\/pages\/363","targetHints":{"allow":["GET"]}}],"collection":[{"href":"https:\/\/pszs.stronazen.pl\/index.php\/wp-json\/wp\/v2\/pages"}],"about":[{"href":"https:\/\/pszs.stronazen.pl\/index.php\/wp-json\/wp\/v2\/types\/page"}],"author":[{"embeddable":true,"href":"https:\/\/pszs.stronazen.pl\/index.php\/wp-json\/wp\/v2\/users\/2"}],"replies":[{"embeddable":true,"href":"https:\/\/pszs.stronazen.pl\/index.php\/wp-json\/wp\/v2\/comments?post=363"}],"version-history":[{"count":24,"href":"https:\/\/pszs.stronazen.pl\/index.php\/wp-json\/wp\/v2\/pages\/363\/revisions"}],"predecessor-version":[{"id":5148,"href":"https:\/\/pszs.stronazen.pl\/index.php\/wp-json\/wp\/v2\/pages\/363\/revisions\/5148"}],"wp:attachment":[{"href":"https:\/\/pszs.stronazen.pl\/index.php\/wp-json\/wp\/v2\/media?parent=363"}],"curies":[{"name":"wp","href":"https:\/\/api.w.org\/{rel}","templated":true}]}}