{"id":66,"date":"2026-01-14T00:05:57","date_gmt":"2026-01-13T23:05:57","guid":{"rendered":"https:\/\/pszs.stronazen.pl\/?page_id=66"},"modified":"2026-01-24T16:52:06","modified_gmt":"2026-01-24T15:52:06","slug":"powiatowy-szkolny-zwiazek-sportowy-w-zywcu","status":"publish","type":"page","link":"https:\/\/pszs.stronazen.pl\/","title":{"rendered":"Powiatowy Szkolny Zwi\u0105zek Sportowy w \u017bywcu"},"content":{"rendered":"\n<h1 class=\"wp-block-heading has-text-align-center\">Powiatowy Szkolny Zwi\u0105zek Sportowy w \u017bywcu<\/h1>\n\n\n\n<hr class=\"wp-block-separator has-alpha-channel-opacity is-style-wide\"\/>\n\n\n\n<div style=\"height:11px\" aria-hidden=\"true\" class=\"wp-block-spacer\"><\/div>\n\n\n\n<div class=\"wp-block-group has-global-padding is-layout-constrained wp-block-group-is-layout-constrained\">\n<div class=\"wp-block-group is-nowrap is-layout-flex wp-container-core-group-is-layout-6c531013 wp-block-group-is-layout-flex\">\n<div class=\"wp-block-group entryImageBlock is-nowrap is-layout-flex wp-container-core-group-is-layout-6c531013 wp-block-group-is-layout-flex\">\n<figure class=\"wp-block-image alignleft size-full\"><img loading=\"lazy\" decoding=\"async\" width=\"960\" height=\"540\" src=\"https:\/\/pszs.stronazen.pl\/wp-content\/uploads\/2026\/01\/logoGrafika.jpg\" alt=\"\" class=\"wp-image-104\" srcset=\"https:\/\/pszs.stronazen.pl\/wp-content\/uploads\/2026\/01\/logoGrafika.jpg 960w, https:\/\/pszs.stronazen.pl\/wp-content\/uploads\/2026\/01\/logoGrafika-300x169.jpg 300w\" sizes=\"auto, (max-width: 960px) 100vw, 960px\" \/><\/figure>\n\n\n\n<p class=\"has-text-align-center\"><strong>Od ponad 20 lat<\/strong> dzia\u0142amy na terenie powiatu \u017cywieckiego, organizuj\u0105c wsp\u00f3\u0142zawodnictwo sportowe dzieci i m\u0142odzie\u017cy szkolnej.<br>Nasz\u0105 misj\u0105 jest <strong>promowanie zdrowego stylu \u017cycia<\/strong>, aktywno\u015bci fizycznej oraz pozytywnych postaw poprzez sport szkolny.<\/p>\n<\/div>\n<\/div>\n<\/div>\n\n\n\n<hr class=\"wp-block-separator has-alpha-channel-opacity\"\/>\n\n\n\n<div class=\"wp-block-group has-global-padding is-layout-constrained wp-block-group-is-layout-constrained\">\n<div class=\"wp-block-group alignwide has-global-padding is-content-justification-left is-layout-constrained wp-container-core-group-is-layout-12dd3699 wp-block-group-is-layout-constrained\">\n<h2 class=\"wp-block-heading has-text-align-center\">Dla kogo i po co dzia\u0142amy?<\/h2>\n\n\n\n<p class=\"has-text-align-left\">Nasza dzia\u0142alno\u015b\u0107 wspiera:<\/p>\n\n\n\n<ul class=\"wp-block-list\">\n<li>prawid\u0142owy <strong>rozw\u00f3j biologiczny dzieci i m\u0142odzie\u017cy<\/strong><\/li>\n\n\n\n<li>kszta\u0142towanie <strong>nawyk\u00f3w prozdrowotnych<\/strong><\/li>\n\n\n\n<li>przeciwdzia\u0142anie <strong>uzale\u017cnieniom i patologiom spo\u0142ecznym<\/strong><\/li>\n\n\n\n<li>profilaktyk\u0119 problem\u00f3w alkoholowych<\/li>\n\n\n\n<li>niwelowanie <strong>negatywnych skutk\u00f3w pandemii<\/strong><\/li>\n<\/ul>\n\n\n\n<p class=\"has-text-align-left\">Wsp\u00f3\u0142pracujemy ze szko\u0142ami, tworz\u0105c bezpieczne i warto\u015bciowe \u015brodowisko dla m\u0142odych ludzi.<\/p>\n\n\n\n<p><\/p>\n<\/div>\n<\/div>\n\n\n\n<hr class=\"wp-block-separator has-alpha-channel-opacity\"\/>\n\n\n\n<h2 class=\"wp-block-heading has-text-align-center\">Do\u015bwiadczenie i profesjonalizm<\/h2>\n\n\n\n<p class=\"has-text-align-center\">Powiatowy Szkolny Zwi\u0105zek Sportowy w \u017bywcu tworzy zesp\u00f3\u0142 <strong>najlepszych i wykwalifikowanych nauczycieli wychowania fizycznego<\/strong> z ca\u0142ego powiatu \u017cywieckiego.<br>To dzi\u0119ki ich zaanga\u017cowaniu sport szkolny stoi u nas na wysokim poziomie.<\/p>\n\n\n\n<div style=\"height:29px\" aria-hidden=\"true\" class=\"wp-block-spacer\"><\/div>\n\n\n\n<hr class=\"wp-block-separator has-alpha-channel-opacity\"\/>\n\n\n\n<div class=\"wp-block-group has-global-padding is-layout-constrained wp-block-group-is-layout-constrained\">\n<h2 class=\"wp-block-heading has-text-align-center\">Programy sportowe szk\u00f3\u0142<\/h2>\n\n\n\n<p>Pod patronatem:<\/p>\n\n\n\n<ul class=\"wp-block-list\">\n<li><strong>Starosty \u017bywieckiego<\/strong>,<\/li>\n\n\n\n<li><strong>Marsza\u0142ka Wojew\u00f3dztwa \u015al\u0105skiego<\/strong>,<\/li>\n\n\n\n<li><strong>\u015al\u0105skiego Kuratora O\u015bwiaty<\/strong><\/li>\n<\/ul>\n\n\n\n<hr class=\"wp-block-separator has-alpha-channel-opacity\"\/>\n<\/div>\n\n\n\n<div class=\"wp-block-group has-global-padding is-layout-constrained wp-block-group-is-layout-constrained\">\n<h2 class=\"wp-block-heading has-text-align-center\">Wsp\u00f3\u0142zawodnictwo sportowe szk\u00f3\u0142<\/h2>\n\n\n\n<ul class=\"wp-block-list\">\n<li><strong>Szkolne Igrzyska Dzieci<\/strong> \u2013 klasy 4\u20136 szk\u00f3\u0142 podstawowych<\/li>\n\n\n\n<li><strong>Szkolne Igrzyska M\u0142odzie\u017cy<\/strong> \u2013 klasy 7\u20138 szk\u00f3\u0142 podstawowych<\/li>\n\n\n\n<li><strong>Licealiada<\/strong> \u2013 szko\u0142y ponadpodstawowe<\/li>\n<\/ul>\n<\/div>\n\n\n\n<hr class=\"wp-block-separator has-alpha-channel-opacity\"\/>\n\n\n\n<h2 class=\"wp-block-heading has-text-align-center\">Programy szkolne i edukacyjne<\/h2>\n\n\n\n<ul class=\"wp-block-list\">\n<li><strong>Bezp\u0142atne zaj\u0119cia sportowo-rekreacyjne<\/strong><\/li>\n\n\n\n<li><strong>Animator Sportu Szkolnego<\/strong><\/li>\n\n\n\n<li><strong>M\u0142odzie\u017cowy S\u0119dzia Sportowy<\/strong><\/li>\n<\/ul>\n\n\n\n<p class=\"has-text-align-center\">Programy te rozwijaj\u0105 pasj\u0119 do sportu, ucz\u0105 odpowiedzialno\u015bci i daj\u0105 m\u0142odzie\u017cy realne mo\u017cliwo\u015bci rozwoju.<\/p>\n\n\n\n<div style=\"height:46px\" aria-hidden=\"true\" class=\"wp-block-spacer\"><\/div>\n\n\n\n<h2 class=\"wp-block-heading has-text-align-center\"><mark style=\"background-color:rgba(0, 0, 0, 0)\" class=\"has-inline-color has-primary-color\">Razem tworzymy lepsz\u0105 przysz\u0142o\u015b\u0107 dla m\u0142odych mieszka\u0144c\u00f3w powiatu \u017cywieckiego.<\/mark><\/h2>\n\n\n\n<div style=\"height:62px\" aria-hidden=\"true\" class=\"wp-block-spacer\"><\/div>\n\n\n\n<hr class=\"wp-block-separator has-alpha-channel-opacity is-style-wide\"\/>\n\n\n\n<div class=\"wp-block-group is-nowrap is-layout-flex wp-container-core-group-is-layout-6c531013 wp-block-group-is-layout-flex\" style=\"border-top-left-radius:0px;border-top-right-radius:0px;border-bottom-left-radius:0px;border-bottom-right-radius:0px\">\n<figure class=\"wp-block-image size-full\"><img loading=\"lazy\" decoding=\"async\" width=\"725\" height=\"1024\" src=\"https:\/\/pszs.stronazen.pl\/wp-content\/uploads\/2026\/01\/plakatywieckaligakoszykwki-725x1024-1.webp\" alt=\"\" class=\"wp-image-5169\" srcset=\"https:\/\/pszs.stronazen.pl\/wp-content\/uploads\/2026\/01\/plakatywieckaligakoszykwki-725x1024-1.webp 725w, https:\/\/pszs.stronazen.pl\/wp-content\/uploads\/2026\/01\/plakatywieckaligakoszykwki-725x1024-1-212x300.webp 212w\" sizes=\"auto, (max-width: 725px) 100vw, 725px\" \/><\/figure>\n\n\n\n<div class=\"wp-block-group has-global-padding is-layout-constrained wp-block-group-is-layout-constrained\">\n<div class=\"wp-block-group has-global-padding is-layout-constrained wp-block-group-is-layout-constrained\">\n<div class=\"wp-block-group is-vertical is-layout-flex wp-container-core-group-is-layout-fe9cc265 wp-block-group-is-layout-flex\">\n<h1 class=\"wp-block-heading has-text-align-center\">\u017bywiecka Liga Koszyk\u00f3wki<\/h1>\n\n\n\n<p class=\"has-text-align-center\">Mi\u0142o nam poinformowa\u0107, \u017ce startujemy z nowym projektem, jakim jest \u017bywiecka Liga Koszyk\u00f3wki <\/p>\n<\/div>\n\n\n\n<div class=\"wp-block-buttons is-content-justification-center is-layout-flex wp-container-core-buttons-is-layout-9624f132 wp-block-buttons-is-layout-flex\" style=\"border-style:none;border-width:0px;border-top-left-radius:0px;border-top-right-radius:0px;border-bottom-left-radius:0px;border-bottom-right-radius:0px;margin-top:var(--wp--preset--spacing--x-small);margin-bottom:var(--wp--preset--spacing--x-small);padding-right:0;padding-left:0\">\n<div class=\"wp-block-button is-style-fill\"><a class=\"wp-block-button__link has-tertiary-background-color has-background has-text-align-center wp-element-button\" href=\"https:\/\/zlkosz.pl\/\">Szczeg\u00f3\u0142y<\/a><\/div>\n<\/div>\n<\/div>\n<\/div>\n<\/div>\n\n\n\n<div style=\"height:62px\" aria-hidden=\"true\" class=\"wp-block-spacer\"><\/div>\n\n\n\n<hr class=\"wp-block-separator has-alpha-channel-opacity is-style-wide\"\/>\n\n\n\n<div style=\"height:72px\" aria-hidden=\"true\" class=\"wp-block-spacer\"><\/div>\n\n\n\n<div class=\"wp-block-group sites is-content-justification-center is-nowrap is-layout-flex wp-container-core-group-is-layout-23441af8 wp-block-group-is-layout-flex\">\n<div class=\"wp-block-group has-global-padding is-layout-constrained wp-block-group-is-layout-constrained\">\n<figure class=\"wp-block-image aligncenter size-large is-resized\"><img loading=\"lazy\" decoding=\"async\" width=\"1024\" height=\"683\" src=\"https:\/\/pszs.stronazen.pl\/wp-content\/uploads\/2026\/01\/komunikatyJPG-1024x683.jpg\" alt=\"\" class=\"wp-image-121\" style=\"aspect-ratio:1;object-fit:cover;width:280px;height:auto\" srcset=\"https:\/\/pszs.stronazen.pl\/wp-content\/uploads\/2026\/01\/komunikatyJPG-1024x683.jpg 1024w, https:\/\/pszs.stronazen.pl\/wp-content\/uploads\/2026\/01\/komunikatyJPG-300x200.jpg 300w, https:\/\/pszs.stronazen.pl\/wp-content\/uploads\/2026\/01\/komunikatyJPG.jpg 1280w\" sizes=\"auto, (max-width: 1024px) 100vw, 1024px\" \/><\/figure>\n\n\n\n<h2 class=\"wp-block-heading has-text-align-center\">Komunikaty<\/h2>\n\n\n\n<div class=\"wp-block-buttons is-content-justification-center is-layout-flex wp-container-core-buttons-is-layout-a89b3969 wp-block-buttons-is-layout-flex\">\n<div class=\"wp-block-button is-style-fill\"><a class=\"wp-block-button__link has-tertiary-background-color has-background has-text-align-center wp-element-button\" href=\"https:\/\/pszs.stronazen.pl\/index.php\/komunikaty\/\">Wi\u0119cej<\/a><\/div>\n<\/div>\n<\/div>\n\n\n\n<div class=\"wp-block-group has-global-padding is-layout-constrained wp-block-group-is-layout-constrained\">\n<figure class=\"wp-block-image aligncenter size-large is-resized\"><img loading=\"lazy\" decoding=\"async\" width=\"768\" height=\"1024\" src=\"https:\/\/pszs.stronazen.pl\/wp-content\/uploads\/2026\/01\/kalendarzJPG-768x1024.jpg\" alt=\"\" class=\"wp-image-122\" style=\"aspect-ratio:1;object-fit:cover;width:280px;height:auto\" srcset=\"https:\/\/pszs.stronazen.pl\/wp-content\/uploads\/2026\/01\/kalendarzJPG-768x1024.jpg 768w, https:\/\/pszs.stronazen.pl\/wp-content\/uploads\/2026\/01\/kalendarzJPG-225x300.jpg 225w, https:\/\/pszs.stronazen.pl\/wp-content\/uploads\/2026\/01\/kalendarzJPG.jpg 960w\" sizes=\"auto, (max-width: 768px) 100vw, 768px\" \/><\/figure>\n\n\n\n<h2 class=\"wp-block-heading has-text-align-center\">Kalendarz<\/h2>\n\n\n\n<div class=\"wp-block-buttons is-content-justification-center is-layout-flex wp-container-core-buttons-is-layout-a89b3969 wp-block-buttons-is-layout-flex\">\n<div class=\"wp-block-button is-style-fill\"><a class=\"wp-block-button__link has-tertiary-background-color has-background has-text-align-center wp-element-button\" href=\"https:\/\/pszs.stronazen.pl\/index.php\/event\/\">Wi\u0119cej<\/a><\/div>\n<\/div>\n<\/div>\n\n\n\n<div class=\"wp-block-group has-global-padding is-layout-constrained wp-block-group-is-layout-constrained\">\n<figure class=\"wp-block-image aligncenter size-full is-resized\"><img loading=\"lazy\" decoding=\"async\" width=\"1010\" height=\"673\" src=\"https:\/\/pszs.stronazen.pl\/wp-content\/uploads\/2026\/01\/galeriaJPG-edited-1.jpg\" alt=\"\" class=\"wp-image-125\" style=\"aspect-ratio:1;object-fit:cover;width:280px;height:auto\" srcset=\"https:\/\/pszs.stronazen.pl\/wp-content\/uploads\/2026\/01\/galeriaJPG-edited-1.jpg 1010w, https:\/\/pszs.stronazen.pl\/wp-content\/uploads\/2026\/01\/galeriaJPG-edited-1-300x200.jpg 300w\" sizes=\"auto, (max-width: 1010px) 100vw, 1010px\" \/><\/figure>\n\n\n\n<h2 class=\"wp-block-heading has-text-align-center\">Galeria<\/h2>\n\n\n\n<div class=\"wp-block-buttons is-content-justification-center is-layout-flex wp-container-core-buttons-is-layout-a89b3969 wp-block-buttons-is-layout-flex\">\n<div class=\"wp-block-button is-style-fill\"><a class=\"wp-block-button__link has-tertiary-background-color has-background has-text-align-center wp-element-button\" href=\"https:\/\/pszs.stronazen.pl\/index.php\/galeria\">Wi\u0119cej<\/a><\/div>\n<\/div>\n<\/div>\n<\/div>\n\n\n\n<div style=\"height:62px\" aria-hidden=\"true\" class=\"wp-block-spacer\"><\/div>\n\n\n\n<hr class=\"wp-block-separator has-alpha-channel-opacity is-style-wide\"\/>\n\n\n\n<h2 class=\"wp-block-heading has-text-align-center\">SPONSORZY<\/h2>\n\n\n\n<div style=\"height:36px\" aria-hidden=\"true\" class=\"wp-block-spacer\"><\/div>\n\n\n<div id=\"metaslider-id-5375\" style=\"max-width: 400px; margin: 0 auto;\" class=\"ml-slider-3-105-0 metaslider metaslider-flex metaslider-5375 ml-slider has-dots-nav ms-theme-default-base\" role=\"region\" aria-label=\"New Slideshow\" data-height=\"400\" data-width=\"400\">\n    <div id=\"metaslider_container_5375\">\n        <div id=\"metaslider_5375\">\n            <ul aria-live='off' class='slides'>\n                <li style=\"display: block; width: 100%;\" class=\"slide-5376 ms-image \" aria-roledescription=\"slide\" data-date=\"2026-01-19 22:30:19\" data-filename=\"IntraviJPG-2.jpg\" data-slide-type=\"image\"><img loading=\"lazy\" decoding=\"async\" src=\"https:\/\/pszs.stronazen.pl\/wp-content\/uploads\/2026\/01\/IntraviJPG-2.jpg\" height=\"400\" width=\"400\" alt=\"\" class=\"slider-5375 slide-5376 msDefaultImage\" title=\"IntraviJPG-2\" \/><\/li>\n                <li style=\"display: none; width: 100%;\" class=\"slide-5377 ms-image \" aria-roledescription=\"slide\" data-date=\"2026-01-19 22:30:20\" data-filename=\"DebowaJPG-2.jpg\" data-slide-type=\"image\"><img loading=\"lazy\" decoding=\"async\" src=\"https:\/\/pszs.stronazen.pl\/wp-content\/uploads\/2026\/01\/DebowaJPG-2.jpg\" height=\"400\" width=\"400\" alt=\"\" class=\"slider-5375 slide-5377 msDefaultImage\" title=\"DebowaJPG-2\" \/><\/li>\n                <li style=\"display: none; width: 100%;\" class=\"slide-5378 ms-image \" aria-roledescription=\"slide\" data-date=\"2026-01-19 22:30:20\" data-filename=\"WiGJPG-2.jpg\" data-slide-type=\"image\"><img loading=\"lazy\" decoding=\"async\" src=\"https:\/\/pszs.stronazen.pl\/wp-content\/uploads\/2026\/01\/WiGJPG-2.jpg\" height=\"400\" width=\"400\" alt=\"\" class=\"slider-5375 slide-5378 msDefaultImage\" title=\"WiGJPG-2\" \/><\/li>\n                <li style=\"display: none; width: 100%;\" class=\"slide-5379 ms-image \" aria-roledescription=\"slide\" data-date=\"2026-01-19 22:30:20\" data-filename=\"StarostwoJPG-2-161x161.jpg\" data-slide-type=\"image\"><img loading=\"lazy\" decoding=\"async\" src=\"https:\/\/pszs.stronazen.pl\/wp-content\/uploads\/2026\/01\/StarostwoJPG-2-161x161.jpg\" height=\"400\" width=\"400\" alt=\"\" class=\"slider-5375 slide-5379 msDefaultImage\" title=\"StarostwoJPG-2\" \/><div class=\"caption-wrap\"><div class=\"caption\"><div style=\"text-align:center;\">Starostwo powiatowe w \u017bywcu<\/div><\/div><\/div><\/li>\n            <\/ul>\n        <\/div>\n        \n    <\/div>\n<\/div>\n","protected":false},"excerpt":{"rendered":"<p>Powiatowy Szkolny Zwi\u0105zek Sportowy w \u017bywcu Od ponad 20 lat dzia\u0142amy na terenie powiatu \u017cywieckiego, organizuj\u0105c wsp\u00f3\u0142zawodnictwo sportowe dzieci i m\u0142odzie\u017cy szkolnej.Nasz\u0105 misj\u0105 jest promowanie zdrowego stylu \u017cycia, aktywno\u015bci fizycznej &hellip; <\/p>\n<p class=\"link-more\"><a href=\"https:\/\/pszs.stronazen.pl\/\" class=\"more-link\">Read more<span class=\"screen-reader-text\"> &#8222;Powiatowy Szkolny Zwi\u0105zek Sportowy w \u017bywcu&#8221;<\/span><\/a><\/p>\n","protected":false},"author":2,"featured_media":0,"parent":0,"menu_order":0,"comment_status":"closed","ping_status":"closed","template":"","meta":{"footnotes":""},"class_list":["post-66","page","type-page","status-publish","hentry"],"_links":{"self":[{"href":"https:\/\/pszs.stronazen.pl\/index.php\/wp-json\/wp\/v2\/pages\/66","targetHints":{"allow":["GET"]}}],"collection":[{"href":"https:\/\/pszs.stronazen.pl\/index.php\/wp-json\/wp\/v2\/pages"}],"about":[{"href":"https:\/\/pszs.stronazen.pl\/index.php\/wp-json\/wp\/v2\/types\/page"}],"author":[{"embeddable":true,"href":"https:\/\/pszs.stronazen.pl\/index.php\/wp-json\/wp\/v2\/users\/2"}],"replies":[{"embeddable":true,"href":"https:\/\/pszs.stronazen.pl\/index.php\/wp-json\/wp\/v2\/comments?post=66"}],"version-history":[{"count":71,"href":"https:\/\/pszs.stronazen.pl\/index.php\/wp-json\/wp\/v2\/pages\/66\/revisions"}],"predecessor-version":[{"id":5489,"href":"https:\/\/pszs.stronazen.pl\/index.php\/wp-json\/wp\/v2\/pages\/66\/revisions\/5489"}],"wp:attachment":[{"href":"https:\/\/pszs.stronazen.pl\/index.php\/wp-json\/wp\/v2\/media?parent=66"}],"curies":[{"name":"wp","href":"https:\/\/api.w.org\/{rel}","templated":true}]}}